{"id":145,"date":"2022-01-02T11:43:16","date_gmt":"2022-01-02T10:43:16","guid":{"rendered":"https:\/\/pe.sam-plugs.de\/?page_id=145"},"modified":"2022-02-03T13:10:40","modified_gmt":"2022-02-03T12:10:40","slug":"faq-fuer-interessenten","status":"publish","type":"page","link":"https:\/\/ak-photonic-engineering.de\/index.php\/faq-fuer-interessenten\/","title":{"rendered":"FAQ &#8211; f\u00fcr Interessenten"},"content":{"rendered":"\n<div class=\"wp-block-query is-layout-flow wp-block-query-is-layout-flow\"><ul class=\"wp-block-post-template is-layout-flow wp-block-post-template-is-layout-flow\"><li class=\"wp-block-post post-268 post type-post status-publish format-standard hentry category-faq-interessenten\">\n<h2 class=\"wp-block-post-title\"><a href=\"https:\/\/ak-photonic-engineering.de\/index.php\/2022\/02\/03\/leben-in-stuttgart\/\" target=\"_self\" >Leben in Stuttgart<\/a><\/h2>\n\n\n\n<div class=\"entry-content wp-block-post-content is-layout-flow wp-block-post-content-is-layout-flow\">\n<p>Als die Hauptstadt Baden-W\u00fcrttembergs bietet die Stadt Darstellende Kunst, Theater, Oper, Ballett, Vari\u00e9t\u00e9 &#8211; in allen Bereichen auf h\u00f6chstem Niveau. Gro\u00dfe Konzerte in der Liederhalle, Literatur- und Buchwochen, Sportereignisse in der Schleyer-Halle oder im Daimler-Stadion, dazu ein bewegtes Nachtleben pr\u00e4gen die Lebenskultur.&nbsp;<\/p>\n\n\n\n<p>Ein eigenes Zimmer oder Apartment zu finden, kann in Stuttgart schwierig sein. Ein Tipp w\u00e4re es dich fr\u00fchzeitig nach einer Unterkunft umzusehen. Die Universit\u00e4t Stuttgart bietet Hilfe bei der Suche nach einer Unterkunft: <a href=\"https:\/\/www.uni-stuttgart.de\/en\/study\/living-in-stuttgart\/housing\/.\">https:\/\/www.uni-stuttgart.de\/en\/study\/living-in-stuttgart\/housing\/.<\/a> Besonders g\u00fcnstig sind die Zimmer des Studierendenwerks. Eine weiter M\u00f6glichkeit w\u00e4re es nach privaten Wohnheimen oder WGs zu schauen.\u00a0<\/p>\n<\/div>\n\n\n<hr class=\"wp-block-separator\"\/>\n\n<\/li><li class=\"wp-block-post post-266 post type-post status-publish format-standard hentry category-faq-interessenten\">\n<h2 class=\"wp-block-post-title\"><a href=\"https:\/\/ak-photonic-engineering.de\/index.php\/2022\/02\/03\/einfuehrungsveranstaltung\/\" target=\"_self\" >Einf\u00fchrungsveranstaltung<\/a><\/h2>\n\n\n\n<div class=\"entry-content wp-block-post-content is-layout-flow wp-block-post-content-is-layout-flow\">\n<p>Zum Start eines jedem Semesters wird es eine Einf\u00fchrungsveranstaltung geben. Bei der Einf\u00fchrungsveranstaltung stellt sich der Studiendekan sowie der Studienkoordinator vor und fassen in einer Kurzpr\u00e4sentation das Wichtigste zum Studiengang zusammen.&nbsp;<\/p>\n\n\n\n<p>Au\u00dferdem bietet es dir die Gelegenheit die anderen Erstis und \u00e4lteren\/weiseren Kommilitonen kennen zu lernen.&nbsp;<\/p>\n\n\n\n<p>Wir w\u00fcrden uns auf dich freuen!&nbsp;<\/p>\n<\/div>\n\n\n<hr class=\"wp-block-separator\"\/>\n\n<\/li><li class=\"wp-block-post post-264 post type-post status-publish format-standard hentry category-faq-interessenten\">\n<h2 class=\"wp-block-post-title\"><a href=\"https:\/\/ak-photonic-engineering.de\/index.php\/2022\/02\/03\/internationalitaet-und-sprache\/\" target=\"_self\" >Internationalit\u00e4t und Sprache<\/a><\/h2>\n\n\n\n<div class=\"entry-content wp-block-post-content is-layout-flow wp-block-post-content-is-layout-flow\">\n<p>Viele Lehrveranstaltungen werde in deutscher und englischer Sprache angeboten. Internationale Studierende sind willkommen! Wichtige Informationen f\u00fcr einen gelungenen Start gibt es hier: <a href=\"https:\/\/www.student.uni-stuttgart.de\/en\/startingout\/international\/perfect-start\/\u00a0\">https:\/\/www.student.uni-stuttgart.de\/en\/startingout\/international\/perfect-start\/\u00a0<\/a><\/p>\n<\/div>\n\n\n<hr class=\"wp-block-separator\"\/>\n\n<\/li><li class=\"wp-block-post post-262 post type-post status-publish format-standard hentry category-faq-interessenten\">\n<h2 class=\"wp-block-post-title\"><a href=\"https:\/\/ak-photonic-engineering.de\/index.php\/2022\/02\/03\/studierende\/\" target=\"_self\" >Studierende<\/a><\/h2>\n\n\n\n<div class=\"entry-content wp-block-post-content is-layout-flow wp-block-post-content-is-layout-flow\">\n<p>Wir sind derzeit ein kleiner Studiengang von ca. 30 Studierenden. Die meisten von uns haben ihren Bachelor in Physik, Elektrotechnik, Medizintechnik oder Maschinenbau gemacht. <\/p>\n\n\n\n<p>Unser Ziel ist es mehr zuk\u00fcnftige Forscher*innen und Ingenieur*innen f\u00fcr unser Programm zu begeistern.<\/p>\n\n\n\n<p>Ein paar von uns findest du hier: <a href=\"https:\/\/ak-photonic-engineering.de\/index.php\/der-ak\/uber-uns-2\/\" data-type=\"page\" data-id=\"37\">\u00dcber Uns<\/a><\/p>\n<\/div>\n\n\n<hr class=\"wp-block-separator\"\/>\n\n<\/li><li class=\"wp-block-post post-260 post type-post status-publish format-standard hentry category-faq-interessenten\">\n<h2 class=\"wp-block-post-title\"><a href=\"https:\/\/ak-photonic-engineering.de\/index.php\/2022\/02\/03\/auflagen\/\" target=\"_self\" >Auflagen<\/a><\/h2>\n\n\n\n<div class=\"entry-content wp-block-post-content is-layout-flow wp-block-post-content-is-layout-flow\">\n<p>Auflagen sind zus\u00e4tzlich zu erbringende Studienleistungen, die wichtige Defizite ausgleichen sollen. Sie sind nicht benotet und erscheinen auch nicht auf dem Masterzeugnis. Je nachdem k\u00f6nnen als m\u00f6gliche Auflage z.B. <em>H\u00f6here Mathematik<\/em>, <em>Experimentalphysik 3<\/em>, <em>Experimentalphysik 2<\/em> oder <em>Grundlagen technische Optik<\/em> sein. Bei einigen der Module werden sie als m\u00fcndliche Pr\u00fcfung abgehalten.\u00a0<\/p>\n\n\n\n<p>Die Modulhandb\u00fccher findest du hier: <a href=\"https:\/\/campus.uni-stuttgart.de\/cusonline\/wbStpPortfolio.wbStpList?pOrgNr=3\">https:\/\/campus.uni-stuttgart.de\/cusonline\/wbStpPortfolio.wbStpList?pOrgNr=3<\/a><\/p>\n<\/div>\n\n\n<hr class=\"wp-block-separator\"\/>\n\n<\/li><li class=\"wp-block-post post-258 post type-post status-publish format-standard hentry category-faq-interessenten\">\n<h2 class=\"wp-block-post-title\"><a href=\"https:\/\/ak-photonic-engineering.de\/index.php\/2022\/02\/03\/anpassungsmodul\/\" target=\"_self\" >Anpassungsmodul<\/a><\/h2>\n\n\n\n<div class=\"entry-content wp-block-post-content is-layout-flow wp-block-post-content-is-layout-flow\">\n<p>Das Anpassungsmodul ist ein ganz normales Pflichtfach, dass bei der Zulassung von der Zulassungskommission zugeteilt wird. Die Auswahl durch die Studienkommision basiert auf deinem Bachelorstudiengang und soll alle Studierenden auf den gleichen Wissensstand bringen.<\/p>\n\n\n\n<p>Das Anpassungsmodul wird normal benotet und ist 6 ECTS Punkte wert. Physiker*innen erhielten in der Regel als Anpassungsmodul \u201e<em>Grundlagen der Technischen Optik<\/em>\u201c und Ingenieure \u201e<em>Experimentalphysik 3<\/em>\u201c.&nbsp;<\/p>\n<\/div>\n\n\n<hr class=\"wp-block-separator\"\/>\n\n<\/li><li class=\"wp-block-post post-256 post type-post status-publish format-standard hentry category-faq-interessenten\">\n<h2 class=\"wp-block-post-title\"><a href=\"https:\/\/ak-photonic-engineering.de\/index.php\/2022\/02\/03\/vorkurse\/\" target=\"_self\" >Vorkurse<\/a><\/h2>\n\n\n\n<div class=\"entry-content wp-block-post-content is-layout-flow wp-block-post-content-is-layout-flow\">\n<p>Manchmal wird ein Vorkurs in Quantenmechanik angeboten. Schreibe uns einfach eine Mail, falls du Fragen dazu hast. Au\u00dferdem bietet das <em>Modul Quantum Implementation 1 <\/em>auch eine gute Wiederholung bzw. Einf\u00fchrung in die Quantenmechanik.\u00a0<\/p>\n<\/div>\n\n\n<hr class=\"wp-block-separator\"\/>\n\n<\/li><li class=\"wp-block-post post-253 post type-post status-publish format-standard hentry category-faq-interessenten\">\n<h2 class=\"wp-block-post-title\"><a href=\"https:\/\/ak-photonic-engineering.de\/index.php\/2022\/02\/03\/vorwissen\/\" target=\"_self\" >Vorwissen<\/a><\/h2>\n\n\n\n<div class=\"entry-content wp-block-post-content is-layout-flow wp-block-post-content-is-layout-flow\">\n<p>Es kann in den ersten beiden Fachsemestern zu hohen Anforderungen in dem Fach Physik kommen. <\/p>\n\n\n\n<p>Je nach F\u00e4cherwahl ist Vorwissen in den Bereichen Quanten- und Atomphysik, Dirac-Notation, Elektronik oder Mechanik vorteilhaft aber nicht notwendig!<\/p>\n\n\n\n<p><\/p>\n<\/div>\n\n\n<hr class=\"wp-block-separator\"\/>\n\n<\/li><li class=\"wp-block-post post-251 post type-post status-publish format-standard hentry category-faq-interessenten\">\n<h2 class=\"wp-block-post-title\"><a href=\"https:\/\/ak-photonic-engineering.de\/index.php\/2022\/02\/03\/zulassung\/\" target=\"_self\" >Zulassung<\/a><\/h2>\n\n\n\n<div class=\"entry-content wp-block-post-content is-layout-flow wp-block-post-content-is-layout-flow\">\n<p>Du hast einen Bachelor in Physik oder einem Ingenieursstudiengang? Dann w\u00fcrden wir uns freuen, wenn du dich f\u00fcr den Masterstudiengang Photonic Engineering bewerben w\u00fcrdest! Falls du weitere Fragen hast, kannst du dem Studienkoordinator Marc Wilke <a href=\"mailto:marc.wilke@ito.uni-stuttgart.de\">marc.wilke@ito.uni-stuttgart.de<\/a> gerne eine E-Mail schicken.\u00a0<\/p>\n<\/div>\n\n\n<hr class=\"wp-block-separator\"\/>\n\n<\/li><li class=\"wp-block-post post-248 post type-post status-publish format-standard hentry category-faq-interessenten\">\n<h2 class=\"wp-block-post-title\"><a href=\"https:\/\/ak-photonic-engineering.de\/index.php\/2022\/02\/03\/welche-richtungen-ermoeglicht-mir-der-studiengang\/\" target=\"_self\" >Welche Richtungen erm\u00f6glicht mir der Studiengang?<\/a><\/h2>\n\n\n\n<div class=\"entry-content wp-block-post-content is-layout-flow wp-block-post-content-is-layout-flow\">\n<p>&nbsp;Da es ein stark interdisziplin\u00e4rer Studiengang ist, besteht die M\u00f6glichkeit sich in eine physikalische oder Ingenieursrichtung zu spezialisieren.&nbsp;<\/p>\n\n\n\n<ul class=\"wp-block-list\"><li>Optische Messtechnik und Optikdesign\u00a0<\/li><li>Optoelektronik und Halbleiteroptik\u00a0<\/li><li>Informationstechnik und Datenkommunikation\u00a0<\/li><li>Sensor- und Sicherheitstechnik\u00a0<\/li><li>Lasertechnik und Laserdesign\u00a0<\/li><li>Faseroptik und Materialbearbeitung\u00a0<\/li><li>Aktive und adaptive optische Systeme\u00a0<\/li><li>Mikro- und Nanotechnik\u00a0<\/li><li>Medizintechnik und Biophotonik\u00a0<\/li><li>Quantentechnologien\u00a0<\/li><\/ul>\n<\/div>\n\n\n<hr class=\"wp-block-separator\"\/>\n\n<\/li><\/ul><\/div>\n\n\n\n<p>Weitere Infos f\u00fcr den Studienbeginn findest du au\u00dferdem im O-Guide der Fachschaft Maschinenbau, zu der wir geh\u00f6ren:<\/p>\n\n\n\n<p><a href=\"https:\/\/o-guide.fsmach.uni-stuttgart.de\">https:\/\/o-guide.fsmach.uni-stuttgart.de<\/a><\/p>\n\n\n\n<h3>Du hast eine Frage?<\/h3>\n<form method=\"post\">\n<input type=\"hidden\" value=\"FAQ-Interessenten\" name=\"msform_form\">\n<input type=\"text\" name=\"msform_name\" placeholder=\"Max Mustermann*\" required=\"\"><br>\n<input type=\"email\" name=\"msform_mail\" placeholder=\"max.mustermann@email.dev*\" required=\"\"><br>\n<textarea name=\"msform_value\" placeholder=\"Deine Frage...*\" required=\"\"><\/textarea><br>\n<input type=\"submit\" value=\"Absenden\">\n<\/form>\n\n\n\n<p><\/p>\n","protected":false},"excerpt":{"rendered":"<p>Weitere Infos f\u00fcr den Studienbeginn findest du au\u00dferdem im O-Guide der Fachschaft Maschinenbau, zu der wir geh\u00f6ren: https:\/\/o-guide.fsmach.uni-stuttgart.de Du hast eine Frage?<\/p>\n","protected":false},"author":1,"featured_media":0,"parent":0,"menu_order":0,"comment_status":"closed","ping_status":"closed","template":"","meta":{"footnotes":""},"class_list":["post-145","page","type-page","status-publish","hentry"],"yoast_head":"<!-- This site is optimized with the Yoast SEO plugin v27.5 - https:\/\/yoast.com\/product\/yoast-seo-wordpress\/ -->\n<title>FAQ - f\u00fcr Interessenten | AK Photonic Engineering<\/title>\n<meta name=\"robots\" content=\"index, follow, max-snippet:-1, max-image-preview:large, max-video-preview:-1\" \/>\n<link rel=\"canonical\" href=\"https:\/\/ak-photonic-engineering.de\/index.php\/faq-fuer-interessenten\/\" \/>\n<meta property=\"og:locale\" content=\"de_DE\" \/>\n<meta property=\"og:type\" content=\"article\" \/>\n<meta property=\"og:title\" content=\"FAQ - f\u00fcr Interessenten | AK Photonic Engineering\" \/>\n<meta property=\"og:description\" content=\"Weitere Infos f\u00fcr den Studienbeginn findest du au\u00dferdem im O-Guide der Fachschaft Maschinenbau, zu der wir geh\u00f6ren: https:\/\/o-guide.fsmach.uni-stuttgart.de Du hast eine Frage?\" \/>\n<meta property=\"og:url\" content=\"https:\/\/ak-photonic-engineering.de\/index.php\/faq-fuer-interessenten\/\" \/>\n<meta property=\"og:site_name\" content=\"AK Photonic Engineering\" \/>\n<meta property=\"article:modified_time\" content=\"2022-02-03T12:10:40+00:00\" \/>\n<meta name=\"twitter:card\" content=\"summary_large_image\" \/>\n<script type=\"application\/ld+json\" class=\"yoast-schema-graph\">{\"@context\":\"https:\\\/\\\/schema.org\",\"@graph\":[{\"@type\":\"WebPage\",\"@id\":\"https:\\\/\\\/ak-photonic-engineering.de\\\/index.php\\\/faq-fuer-interessenten\\\/\",\"url\":\"https:\\\/\\\/ak-photonic-engineering.de\\\/index.php\\\/faq-fuer-interessenten\\\/\",\"name\":\"FAQ - f\u00fcr Interessenten | AK Photonic Engineering\",\"isPartOf\":{\"@id\":\"https:\\\/\\\/ak-photonic-engineering.de\\\/#website\"},\"datePublished\":\"2022-01-02T10:43:16+00:00\",\"dateModified\":\"2022-02-03T12:10:40+00:00\",\"breadcrumb\":{\"@id\":\"https:\\\/\\\/ak-photonic-engineering.de\\\/index.php\\\/faq-fuer-interessenten\\\/#breadcrumb\"},\"inLanguage\":\"de\",\"potentialAction\":[{\"@type\":\"ReadAction\",\"target\":[\"https:\\\/\\\/ak-photonic-engineering.de\\\/index.php\\\/faq-fuer-interessenten\\\/\"]}]},{\"@type\":\"BreadcrumbList\",\"@id\":\"https:\\\/\\\/ak-photonic-engineering.de\\\/index.php\\\/faq-fuer-interessenten\\\/#breadcrumb\",\"itemListElement\":[{\"@type\":\"ListItem\",\"position\":1,\"name\":\"Startseite\",\"item\":\"https:\\\/\\\/ak-photonic-engineering.de\\\/\"},{\"@type\":\"ListItem\",\"position\":2,\"name\":\"FAQ &#8211; f\u00fcr Interessenten\"}]},{\"@type\":\"WebSite\",\"@id\":\"https:\\\/\\\/ak-photonic-engineering.de\\\/#website\",\"url\":\"https:\\\/\\\/ak-photonic-engineering.de\\\/\",\"name\":\"AK Photonic Engineering\",\"description\":\"Universit\u00e4t Stuttgart\",\"publisher\":{\"@id\":\"https:\\\/\\\/ak-photonic-engineering.de\\\/#organization\"},\"potentialAction\":[{\"@type\":\"SearchAction\",\"target\":{\"@type\":\"EntryPoint\",\"urlTemplate\":\"https:\\\/\\\/ak-photonic-engineering.de\\\/?s={search_term_string}\"},\"query-input\":{\"@type\":\"PropertyValueSpecification\",\"valueRequired\":true,\"valueName\":\"search_term_string\"}}],\"inLanguage\":\"de\"},{\"@type\":\"Organization\",\"@id\":\"https:\\\/\\\/ak-photonic-engineering.de\\\/#organization\",\"name\":\"AK Photonic Engineering\",\"url\":\"https:\\\/\\\/ak-photonic-engineering.de\\\/\",\"logo\":{\"@type\":\"ImageObject\",\"inLanguage\":\"de\",\"@id\":\"https:\\\/\\\/ak-photonic-engineering.de\\\/#\\\/schema\\\/logo\\\/image\\\/\",\"url\":\"https:\\\/\\\/ak-photonic-engineering.de\\\/wp-content\\\/uploads\\\/2022\\\/03\\\/cropped-color.png\",\"contentUrl\":\"https:\\\/\\\/ak-photonic-engineering.de\\\/wp-content\\\/uploads\\\/2022\\\/03\\\/cropped-color.png\",\"width\":417,\"height\":250,\"caption\":\"AK Photonic Engineering\"},\"image\":{\"@id\":\"https:\\\/\\\/ak-photonic-engineering.de\\\/#\\\/schema\\\/logo\\\/image\\\/\"}}]}<\/script>\n<!-- \/ Yoast SEO plugin. -->","yoast_head_json":{"title":"FAQ - f\u00fcr Interessenten | AK Photonic Engineering","robots":{"index":"index","follow":"follow","max-snippet":"max-snippet:-1","max-image-preview":"max-image-preview:large","max-video-preview":"max-video-preview:-1"},"canonical":"https:\/\/ak-photonic-engineering.de\/index.php\/faq-fuer-interessenten\/","og_locale":"de_DE","og_type":"article","og_title":"FAQ - f\u00fcr Interessenten | AK Photonic Engineering","og_description":"Weitere Infos f\u00fcr den Studienbeginn findest du au\u00dferdem im O-Guide der Fachschaft Maschinenbau, zu der wir geh\u00f6ren: https:\/\/o-guide.fsmach.uni-stuttgart.de Du hast eine Frage?","og_url":"https:\/\/ak-photonic-engineering.de\/index.php\/faq-fuer-interessenten\/","og_site_name":"AK Photonic Engineering","article_modified_time":"2022-02-03T12:10:40+00:00","twitter_card":"summary_large_image","schema":{"@context":"https:\/\/schema.org","@graph":[{"@type":"WebPage","@id":"https:\/\/ak-photonic-engineering.de\/index.php\/faq-fuer-interessenten\/","url":"https:\/\/ak-photonic-engineering.de\/index.php\/faq-fuer-interessenten\/","name":"FAQ - f\u00fcr Interessenten | AK Photonic Engineering","isPartOf":{"@id":"https:\/\/ak-photonic-engineering.de\/#website"},"datePublished":"2022-01-02T10:43:16+00:00","dateModified":"2022-02-03T12:10:40+00:00","breadcrumb":{"@id":"https:\/\/ak-photonic-engineering.de\/index.php\/faq-fuer-interessenten\/#breadcrumb"},"inLanguage":"de","potentialAction":[{"@type":"ReadAction","target":["https:\/\/ak-photonic-engineering.de\/index.php\/faq-fuer-interessenten\/"]}]},{"@type":"BreadcrumbList","@id":"https:\/\/ak-photonic-engineering.de\/index.php\/faq-fuer-interessenten\/#breadcrumb","itemListElement":[{"@type":"ListItem","position":1,"name":"Startseite","item":"https:\/\/ak-photonic-engineering.de\/"},{"@type":"ListItem","position":2,"name":"FAQ &#8211; f\u00fcr Interessenten"}]},{"@type":"WebSite","@id":"https:\/\/ak-photonic-engineering.de\/#website","url":"https:\/\/ak-photonic-engineering.de\/","name":"AK Photonic Engineering","description":"Universit\u00e4t Stuttgart","publisher":{"@id":"https:\/\/ak-photonic-engineering.de\/#organization"},"potentialAction":[{"@type":"SearchAction","target":{"@type":"EntryPoint","urlTemplate":"https:\/\/ak-photonic-engineering.de\/?s={search_term_string}"},"query-input":{"@type":"PropertyValueSpecification","valueRequired":true,"valueName":"search_term_string"}}],"inLanguage":"de"},{"@type":"Organization","@id":"https:\/\/ak-photonic-engineering.de\/#organization","name":"AK Photonic Engineering","url":"https:\/\/ak-photonic-engineering.de\/","logo":{"@type":"ImageObject","inLanguage":"de","@id":"https:\/\/ak-photonic-engineering.de\/#\/schema\/logo\/image\/","url":"https:\/\/ak-photonic-engineering.de\/wp-content\/uploads\/2022\/03\/cropped-color.png","contentUrl":"https:\/\/ak-photonic-engineering.de\/wp-content\/uploads\/2022\/03\/cropped-color.png","width":417,"height":250,"caption":"AK Photonic Engineering"},"image":{"@id":"https:\/\/ak-photonic-engineering.de\/#\/schema\/logo\/image\/"}}]}},"_links":{"self":[{"href":"https:\/\/ak-photonic-engineering.de\/index.php\/wp-json\/wp\/v2\/pages\/145","targetHints":{"allow":["GET"]}}],"collection":[{"href":"https:\/\/ak-photonic-engineering.de\/index.php\/wp-json\/wp\/v2\/pages"}],"about":[{"href":"https:\/\/ak-photonic-engineering.de\/index.php\/wp-json\/wp\/v2\/types\/page"}],"author":[{"embeddable":true,"href":"https:\/\/ak-photonic-engineering.de\/index.php\/wp-json\/wp\/v2\/users\/1"}],"replies":[{"embeddable":true,"href":"https:\/\/ak-photonic-engineering.de\/index.php\/wp-json\/wp\/v2\/comments?post=145"}],"version-history":[{"count":17,"href":"https:\/\/ak-photonic-engineering.de\/index.php\/wp-json\/wp\/v2\/pages\/145\/revisions"}],"predecessor-version":[{"id":270,"href":"https:\/\/ak-photonic-engineering.de\/index.php\/wp-json\/wp\/v2\/pages\/145\/revisions\/270"}],"wp:attachment":[{"href":"https:\/\/ak-photonic-engineering.de\/index.php\/wp-json\/wp\/v2\/media?parent=145"}],"curies":[{"name":"wp","href":"https:\/\/api.w.org\/{rel}","templated":true}]}}