{"id":33,"date":"2021-12-22T15:55:39","date_gmt":"2021-12-22T15:55:39","guid":{"rendered":"https:\/\/pe.sam-plugs.de\/?page_id=33"},"modified":"2022-02-12T10:31:42","modified_gmt":"2022-02-12T09:31:42","slug":"faq","status":"publish","type":"page","link":"https:\/\/ak-photonic-engineering.de\/index.php\/faq\/","title":{"rendered":"FAQ &#8211; f\u00fcr Studenten"},"content":{"rendered":"\n<div class=\"wp-block-query is-layout-flow wp-block-query-is-layout-flow\"><ul class=\"wp-block-post-template is-layout-flow wp-block-post-template-is-layout-flow\"><li class=\"wp-block-post post-300 post type-post status-publish format-standard hentry category-faq-studenten\">\n<h2 class=\"wp-block-post-title\"><a href=\"https:\/\/ak-photonic-engineering.de\/index.php\/2022\/02\/12\/masterarbeit-1-jahr\/\" target=\"_self\" >Masterarbeit: 1 Jahr<\/a><\/h2>\n\n\n\n\n<hr class=\"wp-block-separator\"\/>\n\n\n<div class=\"entry-content wp-block-post-content is-layout-flow wp-block-post-content-is-layout-flow\">\n<p>Die einj\u00e4hrige Masterarbeit besteht, wie bei einem Physikstudium, aus den Modulen \u201eFachliche Spezialisierung\u201c und \u201eMethodenkenntnisse und Projektplanung\u201c.  Prinzipiell ist es eine normale Abschlussarbeit, die aber 1 Jahr dauert. Eine extra Anmeldung f\u00fcr die beiden Module gibt es nicht. Der oder die Betreuer*in wird dir f\u00fcr beide Module eine Note vergeben, aus der die Gesamtnote deiner Masterarbeit hervorgeht. Thema der Masterarbeit kann fr\u00fchestens bei 54 ects ausgegeben werden.\u00a0<\/p>\n<\/div>\n<\/li><li class=\"wp-block-post post-298 post type-post status-publish format-standard hentry category-faq-studenten\">\n<h2 class=\"wp-block-post-title\"><a href=\"https:\/\/ak-photonic-engineering.de\/index.php\/2022\/02\/12\/schluesselqualifikationen\/\" target=\"_self\" >Schl\u00fcsselqualifikationen<\/a><\/h2>\n\n\n\n\n<hr class=\"wp-block-separator\"\/>\n\n\n<div class=\"entry-content wp-block-post-content is-layout-flow wp-block-post-content-is-layout-flow\">\n<p>Bewerbe dich fr\u00fchzeitig f\u00fcr m\u00f6glichst viele Schl\u00fcsselqualifikationen (max. 6 Anmeldungen m\u00f6glich)! Die Schl\u00fcsselqualifikationen sind schnell ausgebucht. Bei Fragen kannst du das SQ-Team <a href=\"https:\/\/www.student.uni-stuttgart.de\/uni-a-bis-z\/Schluesselqualifikationen-SQ\/\">https:\/\/www.student.uni-stuttgart.de\/uni-a-bis-z\/Schluesselqualifikationen-SQ\/<\/a> kontaktieren.\u00a0<\/p>\n\n\n\n<p>Die Schl\u00fcsselqualifikationen m\u00fcssen aus zwei Kompetenzbereichen des Katalogs der Universit\u00e4t Stuttgart ausgew\u00e4hlt werden. Ausgeschlossen ist der Kompetenzbereich 6: \u201eNaturwissenschaftlich-Technische Grundlagen\u201c&nbsp;<\/p>\n<\/div>\n<\/li><li class=\"wp-block-post post-296 post type-post status-publish format-standard hentry category-faq-studenten\">\n<h2 class=\"wp-block-post-title\"><a href=\"https:\/\/ak-photonic-engineering.de\/index.php\/2022\/02\/12\/uebungsblaetter\/\" target=\"_self\" >\u00dcbungsbl\u00e4tter<\/a><\/h2>\n\n\n\n\n<hr class=\"wp-block-separator\"\/>\n\n\n<div class=\"entry-content wp-block-post-content is-layout-flow wp-block-post-content-is-layout-flow\">\n<p>Bei den meisten Modulen wird es \u00dcbungsbl\u00e4tter geben. Je nach Vorlesung sind die \u00dcbungsbl\u00e4tter verpflichtend oder freiwillig zu bearbeiten.\u00a0<\/p>\n\n\n\n<p>Meistens sind die \u00dcbungsbl\u00e4tter bei den Physikvorlesungen abgabepflichtig oder es werden die bearbeiteten Aufgaben votiert (nur daheim bearbeiten ohne abzugeben) und werden von den Studierenden im Tutorium vorgerechnet. Bei den Ingenieursvorlesungen sind die \u00dcbungsbl\u00e4tter in der Regel nicht verpflichtend.&nbsp;<\/p>\n<\/div>\n<\/li><li class=\"wp-block-post post-294 post type-post status-publish format-standard hentry category-faq-studenten\">\n<h2 class=\"wp-block-post-title\"><a href=\"https:\/\/ak-photonic-engineering.de\/index.php\/2022\/02\/12\/praktikum\/\" target=\"_self\" >Praktikum<\/a><\/h2>\n\n\n\n\n<hr class=\"wp-block-separator\"\/>\n\n\n<div class=\"entry-content wp-block-post-content is-layout-flow wp-block-post-content-is-layout-flow\">\n<p>Ein Industriepraktikum ist weder Voraussetzung, noch Teil des Studiums. Lediglich das Modul \u201ePraktikum\u201c besteht aus ein oder mehrere Praktikumsversuche zu optischen- und photonischen Themen aus den beteiligten SCoPE-Instituten. Dabei kannst du aus einem Vielzahl der angebotenen Versuche der SCoPE Institute ausw\u00e4hlen. <a href=\"https:\/\/www.student.uni-stuttgart.de\/studiengang\/Photonic-Engineering-M.Sc-00001.\/?page=studienaufbau\">(https:\/\/www.student.uni-stuttgart.de\/studiengang\/Photonic-Engineering-M.Sc-00001.\/?page=studienaufbau<\/a>) .<\/p>\n\n\n\n<p>Es m\u00fcssen insgesamt 6 ECTS-Punkte gesammelt werden.\u00a0<\/p>\n\n\n\n<p>Bitte fr\u00fchzeitig f\u00fcr die Praktika anmelden und vorab informieren, ob bestimmte Anforderungen erf\u00fcllt werden m\u00fcssen. Zum Beispiel setzt das Fachpraktikum \u201eFlachbildschirme\u201c eine Teilnahme der Vorlesung \u201eFlachbildschirme\u201c voraus.\u00a0<\/p>\n<\/div>\n<\/li><li class=\"wp-block-post post-292 post type-post status-publish format-standard hentry category-faq-studenten\">\n<h2 class=\"wp-block-post-title\"><a href=\"https:\/\/ak-photonic-engineering.de\/index.php\/2022\/02\/12\/coronavirus\/\" target=\"_self\" >Coronavirus<\/a><\/h2>\n\n\n\n\n<hr class=\"wp-block-separator\"\/>\n\n\n<div class=\"entry-content wp-block-post-content is-layout-flow wp-block-post-content-is-layout-flow\">\n<p>An der Universit\u00e4t Stuttgart finden Pr\u00e4senzveranstaltungen statt. Digitale Formate werden das Pr\u00e4senzangebot weiterhin erg\u00e4nzen.&nbsp;<\/p>\n\n\n\n<p>Ab dem 29. November d\u00fcrfen Studierende in der Alarmstufe II nur mit g\u00fcltigen 2G-Status (geimpft oder genesen) an Pr\u00e4senzveranstaltungen teilnehmen. Ausnahmen sind zwingend notwendige Praxisveranstaltungen (Laborpraktika usw.). Teilnehmende einer Pr\u00e4senz-Lehrveranstaltung sind verpflichtet, ein g\u00fcltiges sogenanntes <strong>campUSticket <\/strong>bei sich zu tragen.<\/p>\n\n\n\n<p>Siehe <a href=\"https:\/\/www.uni-stuttgart.de\/universitaet\/aktuelles\/meldungen\/corona\/\u00a0\">https:\/\/www.uni-stuttgart.de\/universitaet\/aktuelles\/meldungen\/corona\/\u00a0<\/a><\/p>\n<\/div>\n<\/li><\/ul><\/div>\n\n\n\n<h3>Du hast eine Frage?<\/h3>\n<form method=\"post\">\n<input type=\"hidden\" value=\"FAQ-Studenten\" name=\"msform_form\">\n<input type=\"text\" name=\"msform_name\" placeholder=\"Max Mustermann*\" required=\"\"><br>\n<input type=\"email\" name=\"msform_mail\" placeholder=\"max.mustermann@email.dev*\" required=\"\"><br>\n<textarea name=\"msform_value\" placeholder=\"Deine Frage...*\" required=\"\"><\/textarea><br>\n<input type=\"submit\" value=\"Absenden\">\n<\/form>\n","protected":false},"excerpt":{"rendered":"<p>Du hast eine Frage?<\/p>\n","protected":false},"author":1,"featured_media":0,"parent":0,"menu_order":0,"comment_status":"closed","ping_status":"closed","template":"","meta":{"footnotes":""},"class_list":["post-33","page","type-page","status-publish","hentry"],"yoast_head":"<!-- This site is optimized with the Yoast SEO plugin v27.4 - https:\/\/yoast.com\/product\/yoast-seo-wordpress\/ -->\n<title>FAQ - f\u00fcr Studenten | AK Photonic Engineering<\/title>\n<meta name=\"robots\" content=\"index, follow, max-snippet:-1, max-image-preview:large, max-video-preview:-1\" \/>\n<link rel=\"canonical\" href=\"https:\/\/ak-photonic-engineering.de\/index.php\/faq\/\" \/>\n<meta property=\"og:locale\" content=\"de_DE\" \/>\n<meta property=\"og:type\" content=\"article\" \/>\n<meta property=\"og:title\" content=\"FAQ - f\u00fcr Studenten | AK Photonic Engineering\" \/>\n<meta property=\"og:description\" content=\"Du hast eine Frage?\" \/>\n<meta property=\"og:url\" content=\"https:\/\/ak-photonic-engineering.de\/index.php\/faq\/\" \/>\n<meta property=\"og:site_name\" content=\"AK Photonic Engineering\" \/>\n<meta property=\"article:modified_time\" content=\"2022-02-12T09:31:42+00:00\" \/>\n<meta name=\"twitter:card\" content=\"summary_large_image\" \/>\n<script type=\"application\/ld+json\" class=\"yoast-schema-graph\">{\"@context\":\"https:\\\/\\\/schema.org\",\"@graph\":[{\"@type\":\"WebPage\",\"@id\":\"https:\\\/\\\/ak-photonic-engineering.de\\\/index.php\\\/faq\\\/\",\"url\":\"https:\\\/\\\/ak-photonic-engineering.de\\\/index.php\\\/faq\\\/\",\"name\":\"FAQ - f\u00fcr Studenten | AK Photonic Engineering\",\"isPartOf\":{\"@id\":\"https:\\\/\\\/ak-photonic-engineering.de\\\/#website\"},\"datePublished\":\"2021-12-22T15:55:39+00:00\",\"dateModified\":\"2022-02-12T09:31:42+00:00\",\"breadcrumb\":{\"@id\":\"https:\\\/\\\/ak-photonic-engineering.de\\\/index.php\\\/faq\\\/#breadcrumb\"},\"inLanguage\":\"de\",\"potentialAction\":[{\"@type\":\"ReadAction\",\"target\":[\"https:\\\/\\\/ak-photonic-engineering.de\\\/index.php\\\/faq\\\/\"]}]},{\"@type\":\"BreadcrumbList\",\"@id\":\"https:\\\/\\\/ak-photonic-engineering.de\\\/index.php\\\/faq\\\/#breadcrumb\",\"itemListElement\":[{\"@type\":\"ListItem\",\"position\":1,\"name\":\"Startseite\",\"item\":\"https:\\\/\\\/ak-photonic-engineering.de\\\/\"},{\"@type\":\"ListItem\",\"position\":2,\"name\":\"FAQ &#8211; f\u00fcr Studenten\"}]},{\"@type\":\"WebSite\",\"@id\":\"https:\\\/\\\/ak-photonic-engineering.de\\\/#website\",\"url\":\"https:\\\/\\\/ak-photonic-engineering.de\\\/\",\"name\":\"AK Photonic Engineering\",\"description\":\"Universit\u00e4t Stuttgart\",\"publisher\":{\"@id\":\"https:\\\/\\\/ak-photonic-engineering.de\\\/#organization\"},\"potentialAction\":[{\"@type\":\"SearchAction\",\"target\":{\"@type\":\"EntryPoint\",\"urlTemplate\":\"https:\\\/\\\/ak-photonic-engineering.de\\\/?s={search_term_string}\"},\"query-input\":{\"@type\":\"PropertyValueSpecification\",\"valueRequired\":true,\"valueName\":\"search_term_string\"}}],\"inLanguage\":\"de\"},{\"@type\":\"Organization\",\"@id\":\"https:\\\/\\\/ak-photonic-engineering.de\\\/#organization\",\"name\":\"AK Photonic Engineering\",\"url\":\"https:\\\/\\\/ak-photonic-engineering.de\\\/\",\"logo\":{\"@type\":\"ImageObject\",\"inLanguage\":\"de\",\"@id\":\"https:\\\/\\\/ak-photonic-engineering.de\\\/#\\\/schema\\\/logo\\\/image\\\/\",\"url\":\"https:\\\/\\\/ak-photonic-engineering.de\\\/wp-content\\\/uploads\\\/2022\\\/03\\\/cropped-color.png\",\"contentUrl\":\"https:\\\/\\\/ak-photonic-engineering.de\\\/wp-content\\\/uploads\\\/2022\\\/03\\\/cropped-color.png\",\"width\":417,\"height\":250,\"caption\":\"AK Photonic Engineering\"},\"image\":{\"@id\":\"https:\\\/\\\/ak-photonic-engineering.de\\\/#\\\/schema\\\/logo\\\/image\\\/\"}}]}<\/script>\n<!-- \/ Yoast SEO plugin. -->","yoast_head_json":{"title":"FAQ - f\u00fcr Studenten | AK Photonic Engineering","robots":{"index":"index","follow":"follow","max-snippet":"max-snippet:-1","max-image-preview":"max-image-preview:large","max-video-preview":"max-video-preview:-1"},"canonical":"https:\/\/ak-photonic-engineering.de\/index.php\/faq\/","og_locale":"de_DE","og_type":"article","og_title":"FAQ - f\u00fcr Studenten | AK Photonic Engineering","og_description":"Du hast eine Frage?","og_url":"https:\/\/ak-photonic-engineering.de\/index.php\/faq\/","og_site_name":"AK Photonic Engineering","article_modified_time":"2022-02-12T09:31:42+00:00","twitter_card":"summary_large_image","schema":{"@context":"https:\/\/schema.org","@graph":[{"@type":"WebPage","@id":"https:\/\/ak-photonic-engineering.de\/index.php\/faq\/","url":"https:\/\/ak-photonic-engineering.de\/index.php\/faq\/","name":"FAQ - f\u00fcr Studenten | AK Photonic Engineering","isPartOf":{"@id":"https:\/\/ak-photonic-engineering.de\/#website"},"datePublished":"2021-12-22T15:55:39+00:00","dateModified":"2022-02-12T09:31:42+00:00","breadcrumb":{"@id":"https:\/\/ak-photonic-engineering.de\/index.php\/faq\/#breadcrumb"},"inLanguage":"de","potentialAction":[{"@type":"ReadAction","target":["https:\/\/ak-photonic-engineering.de\/index.php\/faq\/"]}]},{"@type":"BreadcrumbList","@id":"https:\/\/ak-photonic-engineering.de\/index.php\/faq\/#breadcrumb","itemListElement":[{"@type":"ListItem","position":1,"name":"Startseite","item":"https:\/\/ak-photonic-engineering.de\/"},{"@type":"ListItem","position":2,"name":"FAQ &#8211; f\u00fcr Studenten"}]},{"@type":"WebSite","@id":"https:\/\/ak-photonic-engineering.de\/#website","url":"https:\/\/ak-photonic-engineering.de\/","name":"AK Photonic Engineering","description":"Universit\u00e4t Stuttgart","publisher":{"@id":"https:\/\/ak-photonic-engineering.de\/#organization"},"potentialAction":[{"@type":"SearchAction","target":{"@type":"EntryPoint","urlTemplate":"https:\/\/ak-photonic-engineering.de\/?s={search_term_string}"},"query-input":{"@type":"PropertyValueSpecification","valueRequired":true,"valueName":"search_term_string"}}],"inLanguage":"de"},{"@type":"Organization","@id":"https:\/\/ak-photonic-engineering.de\/#organization","name":"AK Photonic Engineering","url":"https:\/\/ak-photonic-engineering.de\/","logo":{"@type":"ImageObject","inLanguage":"de","@id":"https:\/\/ak-photonic-engineering.de\/#\/schema\/logo\/image\/","url":"https:\/\/ak-photonic-engineering.de\/wp-content\/uploads\/2022\/03\/cropped-color.png","contentUrl":"https:\/\/ak-photonic-engineering.de\/wp-content\/uploads\/2022\/03\/cropped-color.png","width":417,"height":250,"caption":"AK Photonic Engineering"},"image":{"@id":"https:\/\/ak-photonic-engineering.de\/#\/schema\/logo\/image\/"}}]}},"_links":{"self":[{"href":"https:\/\/ak-photonic-engineering.de\/index.php\/wp-json\/wp\/v2\/pages\/33","targetHints":{"allow":["GET"]}}],"collection":[{"href":"https:\/\/ak-photonic-engineering.de\/index.php\/wp-json\/wp\/v2\/pages"}],"about":[{"href":"https:\/\/ak-photonic-engineering.de\/index.php\/wp-json\/wp\/v2\/types\/page"}],"author":[{"embeddable":true,"href":"https:\/\/ak-photonic-engineering.de\/index.php\/wp-json\/wp\/v2\/users\/1"}],"replies":[{"embeddable":true,"href":"https:\/\/ak-photonic-engineering.de\/index.php\/wp-json\/wp\/v2\/comments?post=33"}],"version-history":[{"count":7,"href":"https:\/\/ak-photonic-engineering.de\/index.php\/wp-json\/wp\/v2\/pages\/33\/revisions"}],"predecessor-version":[{"id":305,"href":"https:\/\/ak-photonic-engineering.de\/index.php\/wp-json\/wp\/v2\/pages\/33\/revisions\/305"}],"wp:attachment":[{"href":"https:\/\/ak-photonic-engineering.de\/index.php\/wp-json\/wp\/v2\/media?parent=33"}],"curies":[{"name":"wp","href":"https:\/\/api.w.org\/{rel}","templated":true}]}}